{"id":657,"date":"2023-07-06T12:29:53","date_gmt":"2023-07-06T10:29:53","guid":{"rendered":"https:\/\/gastroagencja.pl\/?page_id=657"},"modified":"2024-08-01T15:11:58","modified_gmt":"2024-08-01T13:11:58","slug":"dla-pracownika-2","status":"publish","type":"page","link":"https:\/\/gastroagencja.pl\/en_GB\/dla-pracownika-2\/","title":{"rendered":"Dla pracownika"},"content":{"rendered":"[mk_page_section bg_position=&#8221;center center&#8221; min_height=&#8221;600&#8243; full_width=&#8221;true&#8221; padding_top=&#8221;0&#8243; padding_bottom=&#8221;0&#8243; margin_bottom=&#8221;20&#8243; sidebar=&#8221;sidebar-1&#8243;][vc_column][mk_padding_divider][vc_row_inner is_fullwidth_content=&#8221;false&#8221;][vc_column_inner][mk_fancy_title tag_name=&#8221;h1&#8243; color=&#8221;#bd1925&#8243; size=&#8221;30&#8243; font_weight=&#8221;bold&#8221; font_family=&#8221;none&#8221;]\n<h2 style=\"text-align: center;\"><span class=\"WdYUQQ text-decoration-none text-strikethrough-none\" style=\"color: #bd1420;\">Szukasz pracy?<\/span><\/h2>\n[\/mk_fancy_title][vc_column_text css=&#8221;.vc_custom_1688639987746{margin-bottom: 0px !important;}&#8221;]\n<p style=\"text-align: center;\">Szukasz pracy i chcia\u0142by\u015b rozwija\u0107 swoje umiej\u0119tno\u015bci?<br \/>\nZostaw nam sw\u00f3j kontakt w kwestionariuszu. Napisz w nim, jakiej<br \/>\npracy szukasz. Nasi konsultanci skontaktuj\u0105 si\u0119 z Tob\u0105 w celu<br \/>\nom\u00f3wienia szczeg\u00f3\u0142\u00f3w. Znajdziemy prac\u0119 idealn\u0105<\/p>\n[\/vc_column_text][mk_padding_divider][mk_fancy_title tag_name=&#8221;h1&#8243; color=&#8221;#bd1925&#8243; size=&#8221;30&#8243; font_weight=&#8221;bold&#8221; font_family=&#8221;none&#8221;]\n<h2 style=\"text-align: center;\"><span class=\"WdYUQQ text-decoration-none text-strikethrough-none\" style=\"color: #bd1420;\">Wype\u0142nij formularz<\/span><\/h2>\n[\/mk_fancy_title]\n<div class=\"wpcf7 no-js\" id=\"wpcf7-f270-o1\" lang=\"pl-PL\" dir=\"ltr\">\n<div class=\"screen-reader-response\"><p role=\"status\" aria-live=\"polite\" aria-atomic=\"true\"><\/p> <ul><\/ul><\/div>\n<form action=\"\/en_GB\/wp-json\/wp\/v2\/pages\/657#wpcf7-f270-o1\" method=\"post\" class=\"wpcf7-form init\" aria-label=\"Formularz kontaktowy\" novalidate=\"novalidate\" data-status=\"init\">\n<div style=\"display: none;\">\n<input type=\"hidden\" name=\"_wpcf7\" value=\"270\" \/>\n<input type=\"hidden\" name=\"_wpcf7_version\" value=\"5.7.7\" \/>\n<input type=\"hidden\" name=\"_wpcf7_locale\" value=\"pl_PL\" \/>\n<input type=\"hidden\" name=\"_wpcf7_unit_tag\" value=\"wpcf7-f270-o1\" \/>\n<input type=\"hidden\" name=\"_wpcf7_container_post\" value=\"0\" \/>\n<input type=\"hidden\" name=\"_wpcf7_posted_data_hash\" value=\"\" \/>\n<\/div>\n<p><label> Twoje imi\u0119 i nazwisko *<br \/>\n<span class=\"wpcf7-form-control-wrap\" data-name=\"r-your-name\"><input size=\"40\" class=\"wpcf7-form-control wpcf7-text wpcf7-validates-as-required\" aria-required=\"true\" aria-invalid=\"false\" value=\"\" type=\"text\" name=\"r-your-name\" \/><\/span> <\/label>\n<\/p>\n<p><label> Numer telefonu<br \/>\n<span class=\"wpcf7-form-control-wrap\" data-name=\"r-tel\"><input size=\"40\" class=\"wpcf7-form-control wpcf7-text wpcf7-tel wpcf7-validates-as-tel\" aria-invalid=\"false\" value=\"\" type=\"tel\" name=\"r-tel\" \/><\/span> <\/label>\n<\/p>\n<p><label> Email<br \/>\n<span class=\"wpcf7-form-control-wrap\" data-name=\"r-email\"><input size=\"40\" class=\"wpcf7-form-control wpcf7-text wpcf7-email wpcf7-validates-as-email\" aria-invalid=\"false\" value=\"\" type=\"email\" name=\"r-email\" \/><\/span> <\/label>\n<\/p>\n<p><label> Narodowo\u015b\u0107<br \/>\n<span class=\"wpcf7-form-control-wrap\" data-name=\"r-narodowosc\"><input size=\"40\" class=\"wpcf7-form-control wpcf7-text\" aria-invalid=\"false\" value=\"\" type=\"text\" name=\"r-narodowosc\" \/><\/span> <\/label>\n<\/p>\n<p><label> J\u0119zyki*<br \/>\n<span class=\"wpcf7-form-control-wrap\" data-name=\"r-jezyki\"><input size=\"40\" class=\"wpcf7-form-control wpcf7-text wpcf7-validates-as-required\" aria-required=\"true\" aria-invalid=\"false\" value=\"\" type=\"text\" name=\"r-jezyki\" \/><\/span> <\/label>\n<\/p>\n<p><label> Nazwa poszukiwanego stanowiska pracy*<br \/>\n<span class=\"wpcf7-form-control-wrap\" data-name=\"rp-specjalizacja\"><input size=\"40\" class=\"wpcf7-form-control wpcf7-text wpcf7-validates-as-required\" aria-required=\"true\" aria-invalid=\"false\" value=\"\" type=\"text\" name=\"rp-specjalizacja\" \/><\/span> <\/label>\n<\/p>\n<p><label> Kr\u00f3tka informacja o edukacji i do\u015bwiadczeniu zawodowym<br \/>\n<span class=\"wpcf7-form-control-wrap\" data-name=\"r-informacja\"><textarea cols=\"40\" rows=\"10\" class=\"wpcf7-form-control wpcf7-textarea\" aria-invalid=\"false\" name=\"r-informacja\"><\/textarea><\/span> <\/label>\n<\/p>\n<p><span class=\"wpcf7-form-control-wrap\" data-name=\"acceptance-940\"><span class=\"wpcf7-form-control wpcf7-acceptance\"><span class=\"wpcf7-list-item\"><input type=\"checkbox\" name=\"acceptance-940\" value=\"1\" aria-invalid=\"false\" \/><\/span><\/span><\/span><span class=\"rodo\">Wyra\u017cam zgod\u0119 na przetwarzanie moich danych osobowych dla potrzeb niezb\u0119dnych do realizacji procesu rekrutacji (zgodnie z ustaw\u0105 z dnia 10 maja 2018 roku o ochronie danych osobowych (Dz. Ustaw z 2018, poz. 1000) oraz zgodnie z Rozporz\u0105dzeniem Parlamentu Europejskiego i Rady (UE) 2016\/679 z dnia 27 kwietnia 2016 r. w sprawie ochrony os\u00f3b fizycznych w zwi\u0105zku z przetwarzaniem danych osobowych i w sprawie swobodnego przep\u0142ywu takich danych oraz uchylenia dyrektywy 95\/46\/WE (RODO).<\/span>\n<\/p>\n<p><input class=\"wpcf7-form-control has-spinner wpcf7-submit\" type=\"submit\" value=\"Wy\u015blij\" \/>\n<\/p><div class=\"wpcf7-response-output\" aria-hidden=\"true\"><\/div>\n<\/form>\n<\/div>\n[mk_padding_divider][\/vc_column_inner][\/vc_row_inner][\/vc_column][\/mk_page_section][mk_page_section top_shape_bg_color=&#8221;#ffffff&#8221; sidebar=&#8221;sidebar-1&#8243;][vc_column][mk_padding_divider][vc_row_inner][vc_column_inner width=&#8221;1\/3&#8243;][mk_milestone icon=&#8221;mk-icon-group&#8221; icon_size=&#8221;medium&#8221; align=&#8221;center&#8221; stop=&#8221;3025&#8243; text=&#8221;Pracownik\u00f3w znalaz\u0142o prace dzi\u0119ki naszemu udzia\u0142owi&#8221; text_color=&#8221;#000000&#8243; text_size=&#8221;50&#8243; font_family=&#8221;Arial, Helvetica, sans-serif&#8221; font_type=&#8221;safefont&#8221; font_weight=&#8221;500&#8243; desc_size=&#8221;30&#8243;][\/vc_column_inner][vc_column_inner width=&#8221;1\/3&#8243;][mk_milestone icon=&#8221;mk-moon-user-7&#8243; icon_size=&#8221;medium&#8221; align=&#8221;center&#8221; stop=&#8221;119&#8243; text=&#8221;Firm zaufa\u0142o nam&#8221; text_color=&#8221;#000000&#8243; text_size=&#8221;50&#8243; font_family=&#8221;Arial, Helvetica, sans-serif&#8221; font_type=&#8221;safefont&#8221; font_weight=&#8221;500&#8243; desc_size=&#8221;30&#8243;][\/vc_column_inner][vc_column_inner width=&#8221;1\/3&#8243;][mk_milestone icon=&#8221;mk-moon-thumbs-up-2&#8243; icon_size=&#8221;medium&#8221; align=&#8221;center&#8221; stop=&#8221;98&#8243; suffix=&#8221;%&#8221; text=&#8221;Zadowolonych klient\u00f3w&#8221; text_color=&#8221;#0a0a0a&#8221; text_size=&#8221;50&#8243; font_family=&#8221;Arial, Helvetica, sans-serif&#8221; font_type=&#8221;safefont&#8221; font_weight=&#8221;500&#8243; desc_size=&#8221;30&#8243;][\/vc_column_inner][\/vc_row_inner][\/vc_column][\/mk_page_section]\n","protected":false},"excerpt":{"rendered":"<p>[mk_page_section bg_position=&#8221;center center&#8221; min_height=&#8221;600&#8243; full_width=&#8221;true&#8221; padding_top=&#8221;0&#8243; padding_bottom=&#8221;0&#8243; margin_bottom=&#8221;20&#8243; sidebar=&#8221;sidebar-1&#8243;][vc_column][mk_padding_divider][vc_row_inner is_fullwidth_content=&#8221;false&#8221;][vc_column_inner][mk_fancy_title tag_name=&#8221;h1&#8243; color=&#8221;#bd1925&#8243; size=&#8221;30&#8243; font_weight=&#8221;bold&#8221; font_family=&#8221;none&#8221;] Szukasz pracy? [\/mk_fancy_title][vc_column_text css=&#8221;.vc_custom_1688639987746{margin-bottom: 0px !important;}&#8221;] Szukasz pracy i chcia\u0142by\u015b rozwija\u0107 swoje umiej\u0119tno\u015bci? Zostaw nam sw\u00f3j kontakt w kwestionariuszu. Napisz w nim, jakiej pracy szukasz. Nasi konsultanci skontaktuj\u0105 si\u0119 z Tob\u0105 w celu om\u00f3wienia szczeg\u00f3\u0142\u00f3w. Znajdziemy prac\u0119 idealn\u0105 [\/vc_column_text][mk_padding_divider][mk_fancy_title tag_name=&#8221;h1&#8243; [&hellip;]<\/p>\n","protected":false},"author":2,"featured_media":0,"parent":0,"menu_order":0,"comment_status":"closed","ping_status":"open","template":"","meta":{"footnotes":""},"class_list":["post-657","page","type-page","status-publish","hentry"],"_links":{"self":[{"href":"https:\/\/gastroagencja.pl\/en_GB\/wp-json\/wp\/v2\/pages\/657","targetHints":{"allow":["GET"]}}],"collection":[{"href":"https:\/\/gastroagencja.pl\/en_GB\/wp-json\/wp\/v2\/pages"}],"about":[{"href":"https:\/\/gastroagencja.pl\/en_GB\/wp-json\/wp\/v2\/types\/page"}],"author":[{"embeddable":true,"href":"https:\/\/gastroagencja.pl\/en_GB\/wp-json\/wp\/v2\/users\/2"}],"replies":[{"embeddable":true,"href":"https:\/\/gastroagencja.pl\/en_GB\/wp-json\/wp\/v2\/comments?post=657"}],"version-history":[{"count":13,"href":"https:\/\/gastroagencja.pl\/en_GB\/wp-json\/wp\/v2\/pages\/657\/revisions"}],"predecessor-version":[{"id":917,"href":"https:\/\/gastroagencja.pl\/en_GB\/wp-json\/wp\/v2\/pages\/657\/revisions\/917"}],"wp:attachment":[{"href":"https:\/\/gastroagencja.pl\/en_GB\/wp-json\/wp\/v2\/media?parent=657"}],"curies":[{"name":"wp","href":"https:\/\/api.w.org\/{rel}","templated":true}]}}