{"id":688,"date":"2023-07-12T13:27:31","date_gmt":"2023-07-12T11:27:31","guid":{"rendered":"https:\/\/gastroagencja.pl\/?page_id=688"},"modified":"2024-08-01T15:13:23","modified_gmt":"2024-08-01T13:13:23","slug":"legalizacja-pobytu-i-pracy","status":"publish","type":"page","link":"https:\/\/gastroagencja.pl\/en_GB\/legalizacja-pobytu-i-pracy\/","title":{"rendered":"Legalizacja pobytu i pracy"},"content":{"rendered":"[mk_page_section bg_position=&#8221;center center&#8221; min_height=&#8221;600&#8243; full_width=&#8221;true&#8221; padding_top=&#8221;0&#8243; padding_bottom=&#8221;0&#8243; margin_bottom=&#8221;20&#8243; sidebar=&#8221;sidebar-1&#8243;][vc_column][mk_padding_divider][vc_row_inner is_fullwidth_content=&#8221;false&#8221;][vc_column_inner][mk_fancy_title tag_name=&#8221;h1&#8243; color=&#8221;#bd1925&#8243; size=&#8221;30&#8243; font_weight=&#8221;bold&#8221; font_family=&#8221;none&#8221;]\n<h2 style=\"text-align: center;\"><span class=\"WdYUQQ text-decoration-none text-strikethrough-none\" style=\"color: #bd1420;\">Legalizacja pobytu i pracy<\/span><\/h2>\n[\/mk_fancy_title][\/vc_column_inner][\/vc_row_inner][vc_row_inner is_fullwidth_content=&#8221;false&#8221;][vc_column_inner][vc_column_text css=&#8221;.vc_custom_1689161235338{margin-bottom: 0px !important;}&#8221;]\n<p align=\"justify\">Gastro Agencja to biuro legislacyjne, zajmuj\u0105c si\u0119 dokumentacj\u0105 proces\u00f3w rekrutacyjnych, pobytowych i zatrudnieniowych. W proces rekrutacyjny zaanga\u017cowani s\u0105 specjali\u015bci rekruterzy, pos\u0142uguj\u0105cy si\u0119 biegle j\u0119zykami innych narod\u00f3w oraz znaj\u0105cy ich kultur\u0119, zwyczaje oraz mo\u017cliwo\u015bci w zakresie poszukiwanych przez nas zawod\u00f3w. Pierwszy kontakt naszych kandydat\u00f3w odbywa si\u0119 w\u0142a\u015bnie z nimi.<\/p>\n<p align=\"justify\"><strong> Legalizacja wjazdu oraz pobytu<\/strong> jest nieod\u0142\u0105czn\u0105 cz\u0119\u015bci\u0105 naszej pracy. Nasi specjali\u015bci dbaj\u0105 o to, aby dokumenty do wiz dociera\u0142y do kandydat\u00f3w na czas oraz ich pobyt w naszym kraju by\u0142 w pe\u0142ni legalny. Pracuj\u0105c z nami, z pewno\u015bci\u0105, mog\u0105 czu\u0107 si\u0119 bezpiecznie i komfortowo. Nasze kompetencje <strong>to kompleksowa \u015bcie\u017cka przygotowania dokument\u00f3w do wiz, legalizacja pobytu i pracy, zezwolenia i o\u015bwiadczenia na prac\u0119 i zapewnienie legalnej pracy wraz z wymaganymi umowami, ubezpieczeniem oraz zamieszkaniem i wy\u017cywieniem.<\/strong><\/p>\n<p align=\"justify\">Gastro Agencja przyjmuj\u0105c na siebie obowi\u0105zek legalizacji wjazdu, pobytu oraz pracy obcokrajowc\u00f3w w naszym kraju, wychodzi naprzeciw naszym partnerom handlowym, z kt\u00f3rych zdejmuje ten trudny, cz\u0119sto d\u0142ugotrwa\u0142y proces.<\/p>\n<p align=\"justify\">W rezultacie, nasi klienci otrzymuj\u0105 od nas przygotowanego pracownika, zar\u00f3wno pod wzgl\u0119dem zawodowym jak i legislacyjnym. Maj\u0105c na uwadze komfort i wygod\u0119 naszych partner\u00f3w, Gastro Agencja bierze na siebie kompleksowe rozliczanie pracownik\u00f3w. Tak wi\u0119c nasz partner handlowy nie musi martwi\u0107 si\u0119 ubezpieczeniem pracownika, absencj\u0105 pracownicz\u0105, konieczno\u015bci\u0105 wyp\u0142aty zasi\u0142k\u00f3w, regulowaniem innych danin, poniewa\u017c Gastro Agencja zrobi to za niego. A wszystko to w ramach umowy wsp\u00f3\u0142pracy.<\/p>\n[\/vc_column_text][mk_swipe_slideshow images=&#8221;828,814,813,811&#8243; image_size=&#8221;full&#8221;][\/vc_column_inner][\/vc_row_inner][mk_padding_divider][mk_padding_divider][\/vc_column][\/mk_page_section][mk_page_section top_shape_bg_color=&#8221;#ffffff&#8221; sidebar=&#8221;sidebar-1&#8243;][vc_column][mk_padding_divider][vc_row_inner][vc_column_inner width=&#8221;1\/3&#8243;][mk_milestone icon=&#8221;mk-icon-group&#8221; icon_size=&#8221;medium&#8221; align=&#8221;center&#8221; stop=&#8221;3025&#8243; text=&#8221;Pracownik\u00f3w znalaz\u0142o prace dzi\u0119ki naszemu udzia\u0142owi&#8221; text_color=&#8221;#000000&#8243; text_size=&#8221;50&#8243; font_family=&#8221;Arial, Helvetica, sans-serif&#8221; font_type=&#8221;safefont&#8221; font_weight=&#8221;500&#8243; desc_size=&#8221;30&#8243;][\/vc_column_inner][vc_column_inner width=&#8221;1\/3&#8243;][mk_milestone icon=&#8221;mk-moon-user-7&#8243; icon_size=&#8221;medium&#8221; align=&#8221;center&#8221; stop=&#8221;119&#8243; text=&#8221;Firm zaufa\u0142o nam&#8221; text_color=&#8221;#000000&#8243; text_size=&#8221;50&#8243; font_family=&#8221;Arial, Helvetica, sans-serif&#8221; font_type=&#8221;safefont&#8221; font_weight=&#8221;500&#8243; desc_size=&#8221;30&#8243;][\/vc_column_inner][vc_column_inner width=&#8221;1\/3&#8243;][mk_milestone icon=&#8221;mk-moon-thumbs-up-2&#8243; icon_size=&#8221;medium&#8221; align=&#8221;center&#8221; stop=&#8221;98&#8243; suffix=&#8221;%&#8221; text=&#8221;Zadowolonych klient\u00f3w&#8221; text_color=&#8221;#0a0a0a&#8221; text_size=&#8221;50&#8243; font_family=&#8221;Arial, Helvetica, sans-serif&#8221; font_type=&#8221;safefont&#8221; font_weight=&#8221;500&#8243; desc_size=&#8221;30&#8243;][\/vc_column_inner][\/vc_row_inner][mk_padding_divider][\/vc_column][\/mk_page_section]\n","protected":false},"excerpt":{"rendered":"<p>[mk_page_section bg_position=&#8221;center center&#8221; min_height=&#8221;600&#8243; full_width=&#8221;true&#8221; padding_top=&#8221;0&#8243; padding_bottom=&#8221;0&#8243; margin_bottom=&#8221;20&#8243; sidebar=&#8221;sidebar-1&#8243;][vc_column][mk_padding_divider][vc_row_inner is_fullwidth_content=&#8221;false&#8221;][vc_column_inner][mk_fancy_title tag_name=&#8221;h1&#8243; color=&#8221;#bd1925&#8243; size=&#8221;30&#8243; font_weight=&#8221;bold&#8221; font_family=&#8221;none&#8221;] Legalizacja pobytu i pracy [\/mk_fancy_title][\/vc_column_inner][\/vc_row_inner][vc_row_inner is_fullwidth_content=&#8221;false&#8221;][vc_column_inner][vc_column_text css=&#8221;.vc_custom_1689161235338{margin-bottom: 0px !important;}&#8221;] Gastro Agencja to biuro legislacyjne, zajmuj\u0105c si\u0119 dokumentacj\u0105 proces\u00f3w rekrutacyjnych, pobytowych i zatrudnieniowych. W proces rekrutacyjny zaanga\u017cowani s\u0105 specjali\u015bci rekruterzy, pos\u0142uguj\u0105cy si\u0119 biegle j\u0119zykami innych narod\u00f3w oraz znaj\u0105cy ich kultur\u0119, zwyczaje [&hellip;]<\/p>\n","protected":false},"author":2,"featured_media":0,"parent":0,"menu_order":0,"comment_status":"closed","ping_status":"open","template":"","meta":{"footnotes":""},"class_list":["post-688","page","type-page","status-publish","hentry"],"_links":{"self":[{"href":"https:\/\/gastroagencja.pl\/en_GB\/wp-json\/wp\/v2\/pages\/688","targetHints":{"allow":["GET"]}}],"collection":[{"href":"https:\/\/gastroagencja.pl\/en_GB\/wp-json\/wp\/v2\/pages"}],"about":[{"href":"https:\/\/gastroagencja.pl\/en_GB\/wp-json\/wp\/v2\/types\/page"}],"author":[{"embeddable":true,"href":"https:\/\/gastroagencja.pl\/en_GB\/wp-json\/wp\/v2\/users\/2"}],"replies":[{"embeddable":true,"href":"https:\/\/gastroagencja.pl\/en_GB\/wp-json\/wp\/v2\/comments?post=688"}],"version-history":[{"count":15,"href":"https:\/\/gastroagencja.pl\/en_GB\/wp-json\/wp\/v2\/pages\/688\/revisions"}],"predecessor-version":[{"id":919,"href":"https:\/\/gastroagencja.pl\/en_GB\/wp-json\/wp\/v2\/pages\/688\/revisions\/919"}],"wp:attachment":[{"href":"https:\/\/gastroagencja.pl\/en_GB\/wp-json\/wp\/v2\/media?parent=688"}],"curies":[{"name":"wp","href":"https:\/\/api.w.org\/{rel}","templated":true}]}}