{"id":692,"date":"2023-07-12T13:35:56","date_gmt":"2023-07-12T11:35:56","guid":{"rendered":"https:\/\/gastroagencja.pl\/?page_id=692"},"modified":"2024-08-01T15:12:44","modified_gmt":"2024-08-01T13:12:44","slug":"doradztwo","status":"publish","type":"page","link":"https:\/\/gastroagencja.pl\/en_GB\/doradztwo\/","title":{"rendered":"Doradztwo"},"content":{"rendered":"[mk_page_section bg_position=&#8221;center center&#8221; min_height=&#8221;600&#8243; full_width=&#8221;true&#8221; padding_top=&#8221;0&#8243; padding_bottom=&#8221;0&#8243; margin_bottom=&#8221;20&#8243; sidebar=&#8221;sidebar-1&#8243;][vc_column][mk_padding_divider][vc_row_inner is_fullwidth_content=&#8221;false&#8221;][vc_column_inner][mk_fancy_title tag_name=&#8221;h1&#8243; color=&#8221;#bd1925&#8243; size=&#8221;30&#8243; font_weight=&#8221;bold&#8221; font_family=&#8221;none&#8221;]\n<h2 style=\"text-align: center;\"><span class=\"WdYUQQ text-decoration-none text-strikethrough-none\" style=\"color: #bd1420;\">Doradctwo<\/span><\/h2>\n[\/mk_fancy_title][\/vc_column_inner][\/vc_row_inner][vc_row_inner is_fullwidth_content=&#8221;false&#8221;][vc_column_inner][vc_column_text css=&#8221;.vc_custom_1689161751349{margin-bottom: 0px !important;}&#8221;]\n<p align=\"justify\">Jako Gastro Agencja jeste\u015bmy gotowi \u015bwiadczy\u0107<strong> us\u0142ugi doradcze<\/strong> naszym klientom. Zar\u00f3wno nasi kandydaci, a potem pracownicy, jak r\u00f3wnie\u017c partnerzy handlowi bardzo cz\u0119sto korzystaj\u0105 z naszych us\u0142ug doradczych. Jako <strong>specjali\u015bci w dziedzinie rekrutacji<\/strong> oraz przygotowania zawodowego, jeste\u015bmy gotowi do wsp\u00f3\u0142pracy z ka\u017cdym, kt\u00f3ry potrzebuje <strong>wsparcia lub profesjonalnej porady<\/strong> w tym zakresie. Nasi specjali\u015bci s\u0105 gotowi do prowadzenia <strong>porad indywidualnych lub grupowych<\/strong> przydatnych w analizie potencja\u0142u kandydat\u00f3w do pracy oraz planowaniu kariery w Polsce.<\/p>\n<p align=\"justify\">Tak wi\u0119c us\u0142ugi doradcze kierujemy zar\u00f3wno do naszych kandydat\u00f3w szukaj\u0105cych pracy, jak r\u00f3wnie\u017c do naszych partner\u00f3w handlowych, maj\u0105c na uwadze ich sytuacj\u0119, bran\u017c\u0119, specjalisty, kt\u00f3rego szukaj\u0105 oraz mo\u017cliwo\u015bci, kt\u00f3re mog\u0105 zaoferowa\u0107 kandydatowi czyli zapotrzebowanie na pracownika.<\/p>\n<p align=\"justify\"><strong>Analiza potrzeb<\/strong> naszego klienta jest \u017ar\u00f3d\u0142em naszych us\u0142ug. To dzi\u0119ki szerokiemu dzia\u0142aniu w zakresie analiz i do\u015bwiadczeniu w personalizowaniu potrzeb klienta, <strong>Gastro Agencja mo\u017ce zaproponowa\u0107 i wdro\u017cy\u0107 najlepsze rozwi\u0105zania<\/strong>. Zadowolenie klienta jest kluczem do wysokiej jako\u015bci us\u0142ug, kt\u00f3re proponujemy.<\/p>\n[\/vc_column_text][\/vc_column_inner][\/vc_row_inner][mk_padding_divider][mk_padding_divider][\/vc_column][\/mk_page_section][mk_page_section top_shape_bg_color=&#8221;#ffffff&#8221; sidebar=&#8221;sidebar-1&#8243;][vc_column][mk_padding_divider][vc_row_inner][vc_column_inner width=&#8221;1\/3&#8243;][mk_milestone icon=&#8221;mk-icon-group&#8221; icon_size=&#8221;medium&#8221; align=&#8221;center&#8221; stop=&#8221;3025&#8243; text=&#8221;Pracownik\u00f3w znalaz\u0142o prace dzi\u0119ki naszemu udzia\u0142owi&#8221; text_color=&#8221;#000000&#8243; text_size=&#8221;50&#8243; font_family=&#8221;Arial, Helvetica, sans-serif&#8221; font_type=&#8221;safefont&#8221; font_weight=&#8221;500&#8243; desc_size=&#8221;30&#8243;][\/vc_column_inner][vc_column_inner width=&#8221;1\/3&#8243;][mk_milestone icon=&#8221;mk-moon-user-7&#8243; icon_size=&#8221;medium&#8221; align=&#8221;center&#8221; stop=&#8221;119&#8243; text=&#8221;Firm zaufa\u0142o nam&#8221; text_color=&#8221;#000000&#8243; text_size=&#8221;50&#8243; font_family=&#8221;Arial, Helvetica, sans-serif&#8221; font_type=&#8221;safefont&#8221; font_weight=&#8221;500&#8243; desc_size=&#8221;30&#8243;][\/vc_column_inner][vc_column_inner width=&#8221;1\/3&#8243;][mk_milestone icon=&#8221;mk-moon-thumbs-up-2&#8243; icon_size=&#8221;medium&#8221; align=&#8221;center&#8221; stop=&#8221;98&#8243; suffix=&#8221;%&#8221; text=&#8221;Zadowolonych klient\u00f3w&#8221; text_color=&#8221;#0a0a0a&#8221; text_size=&#8221;50&#8243; font_family=&#8221;Arial, Helvetica, sans-serif&#8221; font_type=&#8221;safefont&#8221; font_weight=&#8221;500&#8243; desc_size=&#8221;30&#8243;][\/vc_column_inner][\/vc_row_inner][mk_padding_divider][\/vc_column][\/mk_page_section]\n","protected":false},"excerpt":{"rendered":"<p>[mk_page_section bg_position=&#8221;center center&#8221; min_height=&#8221;600&#8243; full_width=&#8221;true&#8221; padding_top=&#8221;0&#8243; padding_bottom=&#8221;0&#8243; margin_bottom=&#8221;20&#8243; sidebar=&#8221;sidebar-1&#8243;][vc_column][mk_padding_divider][vc_row_inner is_fullwidth_content=&#8221;false&#8221;][vc_column_inner][mk_fancy_title tag_name=&#8221;h1&#8243; color=&#8221;#bd1925&#8243; size=&#8221;30&#8243; font_weight=&#8221;bold&#8221; font_family=&#8221;none&#8221;] Doradctwo [\/mk_fancy_title][\/vc_column_inner][\/vc_row_inner][vc_row_inner is_fullwidth_content=&#8221;false&#8221;][vc_column_inner][vc_column_text css=&#8221;.vc_custom_1689161751349{margin-bottom: 0px !important;}&#8221;] Jako Gastro Agencja jeste\u015bmy gotowi \u015bwiadczy\u0107 us\u0142ugi doradcze naszym klientom. Zar\u00f3wno nasi kandydaci, a potem pracownicy, jak r\u00f3wnie\u017c partnerzy handlowi bardzo cz\u0119sto korzystaj\u0105 z naszych us\u0142ug doradczych. Jako specjali\u015bci w dziedzinie rekrutacji oraz przygotowania [&hellip;]<\/p>\n","protected":false},"author":2,"featured_media":0,"parent":0,"menu_order":0,"comment_status":"closed","ping_status":"open","template":"","meta":{"footnotes":""},"class_list":["post-692","page","type-page","status-publish","hentry"],"_links":{"self":[{"href":"https:\/\/gastroagencja.pl\/en_GB\/wp-json\/wp\/v2\/pages\/692","targetHints":{"allow":["GET"]}}],"collection":[{"href":"https:\/\/gastroagencja.pl\/en_GB\/wp-json\/wp\/v2\/pages"}],"about":[{"href":"https:\/\/gastroagencja.pl\/en_GB\/wp-json\/wp\/v2\/types\/page"}],"author":[{"embeddable":true,"href":"https:\/\/gastroagencja.pl\/en_GB\/wp-json\/wp\/v2\/users\/2"}],"replies":[{"embeddable":true,"href":"https:\/\/gastroagencja.pl\/en_GB\/wp-json\/wp\/v2\/comments?post=692"}],"version-history":[{"count":4,"href":"https:\/\/gastroagencja.pl\/en_GB\/wp-json\/wp\/v2\/pages\/692\/revisions"}],"predecessor-version":[{"id":918,"href":"https:\/\/gastroagencja.pl\/en_GB\/wp-json\/wp\/v2\/pages\/692\/revisions\/918"}],"wp:attachment":[{"href":"https:\/\/gastroagencja.pl\/en_GB\/wp-json\/wp\/v2\/media?parent=692"}],"curies":[{"name":"wp","href":"https:\/\/api.w.org\/{rel}","templated":true}]}}