{"id":714,"date":"2023-07-13T11:45:52","date_gmt":"2023-07-13T09:45:52","guid":{"rendered":"https:\/\/gastroagencja.pl\/?page_id=714"},"modified":"2024-08-01T15:14:30","modified_gmt":"2024-08-01T13:14:30","slug":"referencje","status":"publish","type":"page","link":"https:\/\/gastroagencja.pl\/en_GB\/referencje\/","title":{"rendered":"Referencje"},"content":{"rendered":"[mk_page_section bg_position=&#8221;center center&#8221; min_height=&#8221;600&#8243; full_width=&#8221;true&#8221; padding_top=&#8221;0&#8243; padding_bottom=&#8221;0&#8243; margin_bottom=&#8221;20&#8243; sidebar=&#8221;sidebar-1&#8243;][vc_column][mk_padding_divider][vc_row_inner is_fullwidth_content=&#8221;false&#8221;][vc_column_inner][mk_fancy_title tag_name=&#8221;h1&#8243; color=&#8221;#bd1925&#8243; size=&#8221;30&#8243; font_weight=&#8221;bold&#8221; font_family=&#8221;none&#8221;]\n<h2 style=\"text-align: center;\"><span class=\"WdYUQQ text-decoration-none text-strikethrough-none\" style=\"color: #bd1420;\">Referencje<\/span><\/h2>\n[\/mk_fancy_title][\/vc_column_inner][\/vc_row_inner][vc_separator color=&#8221;custom&#8221; el_width=&#8221;60&#8243; accent_color=&#8221;#be1724&#8243;][vc_row_inner is_fullwidth_content=&#8221;false&#8221;][vc_column_inner width=&#8221;1\/4&#8243;][vc_single_image image=&#8221;570&#8243;][\/vc_column_inner][vc_column_inner width=&#8221;3\/4&#8243;][vc_column_text css=&#8221;.vc_custom_1689242077163{margin-bottom: 0px !important;}&#8221;]<strong>Hotel Go\u0142\u0119biewski<\/strong> w Bia\u0142ymstoku uznaje firm\u0119 KP P.Kowalik P.Palikot sc jako godnego zaufania partnera biznesowego i poleca go innym kontrahentom. Wsp\u00f3\u0142praca nasza opiera si\u0119 na realizacji ustalonych zada\u0144 w okre\u015blonych terminach w zakresie dostarczania kucharzy do naszej hotelowej kuchni. Cieszymy si\u0119, \u017ce mo\u017cemy poleci\u0107 KP P.Kowalik, K.Palikot sc innym firmom.[\/vc_column_text][\/vc_column_inner][\/vc_row_inner][vc_separator color=&#8221;custom&#8221; el_width=&#8221;60&#8243; accent_color=&#8221;#be1724&#8243;][vc_row_inner is_fullwidth_content=&#8221;false&#8221;][vc_column_inner width=&#8221;1\/4&#8243;][vc_single_image image=&#8221;630&#8243;][\/vc_column_inner][vc_column_inner width=&#8221;3\/4&#8243;][vc_column_text css=&#8221;.vc_custom_1689242087780{margin-bottom: 0px !important;}&#8221;]<strong>Hotel \u017bubr\u00f3wka<\/strong> w Bia\u0142owie\u017cy wsp\u00f3\u0142pracuje z KP P.Kowalik, K.Palikot s.c Gastro Agencja z siedzib\u0105 w Bia\u0142ymstoku. Ju\u017c podczas pierwszej rozmowy wida\u0107 by\u0142o profesjonalizm i kompetencj\u0119, kt\u00f3ra zaowocowa\u0142a zapocz\u0105tkowaniem wsp\u00f3\u0142pracy.<\/p>\n<p>KP. P.Kowalik K.Palikot s.c Gastro Agencja s\u0142u\u017cy bogat\u0105 ofert\u0105 us\u0142ug w zakresie dostarczania personelu oraz profesjonalnego doradztwa, a zam\u00f3wienia realizowane s\u0105 bez zastrze\u017ce\u0144.<\/p>\n<p>Hotel \u017bubr\u00f3wka w Bia\u0142owie\u017cy poleca innym klientom wsp\u00f3\u0142prac\u0119 z KP P.Kowalik, K. Palikot s.c Gastro Agencja.[\/vc_column_text][\/vc_column_inner][\/vc_row_inner][vc_separator color=&#8221;custom&#8221; el_width=&#8221;60&#8243; accent_color=&#8221;#be1724&#8243;][vc_row_inner is_fullwidth_content=&#8221;false&#8221;][vc_column_inner width=&#8221;1\/4&#8243;][vc_single_image image=&#8221;716&#8243;][\/vc_column_inner][vc_column_inner width=&#8221;3\/4&#8243;][vc_column_text css=&#8221;.vc_custom_1689242102547{margin-bottom: 0px !important;}&#8221;]<strong>Hotel\u00a0 ROYAL<\/strong> wraz z restauracj\u0105 w Bia\u0142ymstoku polecaj\u0105 firm\u0119 KP P.Kowalik, K.Palikot sc innym kontrahentom jako godnego zaufania partnera biznesowego. Wsp\u00f3\u0142praca nasza opiera si\u0119 na realizacji ustalonych zada\u0144 w okre\u015blonych terminach, w zakresie dostarczania personelu. Cieszymy si\u0119, \u017ce mo\u017cemy poleci\u0107 KP P.Kowalik, K. Palikot sc innym podmiotom gospodarczym.[\/vc_column_text][\/vc_column_inner][\/vc_row_inner][vc_row_inner is_fullwidth_content=&#8221;false&#8221;][vc_column_inner width=&#8221;1\/4&#8243;][vc_single_image image=&#8221;755&#8243;][\/vc_column_inner][vc_column_inner width=&#8221;3\/4&#8243;][vc_column_text css=&#8221;.vc_custom_1691410727306{margin-bottom: 0px !important;}&#8221;]Restauracja<strong> WYTW\u00d3RNIA SUSHI<\/strong>\u00a0od d\u0142u\u017cszego czasu wsp\u00f3\u0142pracuje z firm\u0105 KP P.Kowalik, K.Palikot sc znana jako Gastro Agencja z siedzib\u0105 w Bia\u0142ymstoku przy ul. Warszawskiej 30.<\/p>\n<p>Wsp\u00f3\u0142praca nasza uk\u0142ada si\u0119 bardzo dobrze i jako klient, jeste\u015bmy zadowoleni z dotychczas \u015bwiadczonych us\u0142ug na nasz\u0105 rzecz.\u00a0 Gastro Agencja to profesjonalne podej\u015bcie do pojawiaj\u0105cych si\u0119 zagadnie\u0144, s\u0142u\u017c\u0105ca pomoc\u0105 i rad\u0105 oraz merytorycznym wsparciem w konkretnych zagadnieniach.<\/p>\n<p>Restauracja WYTW\u00d3RNIA SUSHI w Bia\u0142ymstoku poleca Gastro Agencj\u0119 jako wyspecjalizowan\u0105 firm\u0119 w swojej bran\u017cy.[\/vc_column_text][\/vc_column_inner][\/vc_row_inner][vc_separator color=&#8221;custom&#8221; el_width=&#8221;60&#8243; accent_color=&#8221;#be1724&#8243;][mk_padding_divider][mk_padding_divider][\/vc_column][\/mk_page_section][mk_page_section top_shape_bg_color=&#8221;#ffffff&#8221; sidebar=&#8221;sidebar-1&#8243;][vc_column][mk_padding_divider][vc_row_inner][vc_column_inner width=&#8221;1\/3&#8243;][mk_milestone icon=&#8221;mk-icon-group&#8221; icon_size=&#8221;medium&#8221; align=&#8221;center&#8221; stop=&#8221;10987&#8243; text=&#8221;Pracownik\u00f3w znalaz\u0142o prace dzi\u0119ki naszemu udzia\u0142owi&#8221; text_color=&#8221;#000000&#8243; text_size=&#8221;50&#8243; font_family=&#8221;Arial, Helvetica, sans-serif&#8221; font_type=&#8221;safefont&#8221; font_weight=&#8221;500&#8243; desc_size=&#8221;30&#8243;][\/vc_column_inner][vc_column_inner width=&#8221;1\/3&#8243;][mk_milestone icon=&#8221;mk-moon-user-7&#8243; icon_size=&#8221;medium&#8221; align=&#8221;center&#8221; stop=&#8221;119&#8243; text=&#8221;Firm zaufa\u0142o nam&#8221; text_color=&#8221;#000000&#8243; text_size=&#8221;50&#8243; font_family=&#8221;Arial, Helvetica, sans-serif&#8221; font_type=&#8221;safefont&#8221; font_weight=&#8221;500&#8243; desc_size=&#8221;30&#8243;][\/vc_column_inner][vc_column_inner width=&#8221;1\/3&#8243;][mk_milestone icon=&#8221;mk-moon-thumbs-up-2&#8243; icon_size=&#8221;medium&#8221; align=&#8221;center&#8221; stop=&#8221;98&#8243; suffix=&#8221;%&#8221; text=&#8221;Zadowolonych klient\u00f3w&#8221; text_color=&#8221;#0a0a0a&#8221; text_size=&#8221;50&#8243; font_family=&#8221;Arial, Helvetica, sans-serif&#8221; font_type=&#8221;safefont&#8221; font_weight=&#8221;500&#8243; desc_size=&#8221;30&#8243;][\/vc_column_inner][\/vc_row_inner][mk_padding_divider][\/vc_column][\/mk_page_section]\n","protected":false},"excerpt":{"rendered":"<p>[mk_page_section bg_position=&#8221;center center&#8221; min_height=&#8221;600&#8243; full_width=&#8221;true&#8221; padding_top=&#8221;0&#8243; padding_bottom=&#8221;0&#8243; margin_bottom=&#8221;20&#8243; sidebar=&#8221;sidebar-1&#8243;][vc_column][mk_padding_divider][vc_row_inner is_fullwidth_content=&#8221;false&#8221;][vc_column_inner][mk_fancy_title tag_name=&#8221;h1&#8243; color=&#8221;#bd1925&#8243; size=&#8221;30&#8243; font_weight=&#8221;bold&#8221; font_family=&#8221;none&#8221;] Referencje [\/mk_fancy_title][\/vc_column_inner][\/vc_row_inner][vc_separator color=&#8221;custom&#8221; el_width=&#8221;60&#8243; accent_color=&#8221;#be1724&#8243;][vc_row_inner is_fullwidth_content=&#8221;false&#8221;][vc_column_inner width=&#8221;1\/4&#8243;][vc_single_image image=&#8221;570&#8243;][\/vc_column_inner][vc_column_inner width=&#8221;3\/4&#8243;][vc_column_text css=&#8221;.vc_custom_1689242077163{margin-bottom: 0px !important;}&#8221;]Hotel Go\u0142\u0119biewski w Bia\u0142ymstoku uznaje firm\u0119 KP P.Kowalik P.Palikot sc jako godnego zaufania partnera biznesowego i poleca go innym kontrahentom. Wsp\u00f3\u0142praca nasza opiera si\u0119 na realizacji ustalonych zada\u0144 w [&hellip;]<\/p>\n","protected":false},"author":2,"featured_media":0,"parent":0,"menu_order":0,"comment_status":"closed","ping_status":"open","template":"","meta":{"footnotes":""},"class_list":["post-714","page","type-page","status-publish","hentry"],"_links":{"self":[{"href":"https:\/\/gastroagencja.pl\/en_GB\/wp-json\/wp\/v2\/pages\/714","targetHints":{"allow":["GET"]}}],"collection":[{"href":"https:\/\/gastroagencja.pl\/en_GB\/wp-json\/wp\/v2\/pages"}],"about":[{"href":"https:\/\/gastroagencja.pl\/en_GB\/wp-json\/wp\/v2\/types\/page"}],"author":[{"embeddable":true,"href":"https:\/\/gastroagencja.pl\/en_GB\/wp-json\/wp\/v2\/users\/2"}],"replies":[{"embeddable":true,"href":"https:\/\/gastroagencja.pl\/en_GB\/wp-json\/wp\/v2\/comments?post=714"}],"version-history":[{"count":9,"href":"https:\/\/gastroagencja.pl\/en_GB\/wp-json\/wp\/v2\/pages\/714\/revisions"}],"predecessor-version":[{"id":921,"href":"https:\/\/gastroagencja.pl\/en_GB\/wp-json\/wp\/v2\/pages\/714\/revisions\/921"}],"wp:attachment":[{"href":"https:\/\/gastroagencja.pl\/en_GB\/wp-json\/wp\/v2\/media?parent=714"}],"curies":[{"name":"wp","href":"https:\/\/api.w.org\/{rel}","templated":true}]}}