{"id":892,"date":"2024-08-01T13:25:26","date_gmt":"2024-08-01T11:25:26","guid":{"rendered":"https:\/\/gastroagencja.pl\/?page_id=892"},"modified":"2024-08-23T13:41:58","modified_gmt":"2024-08-23T11:41:58","slug":"obsluga-wydarzen-plenerowych","status":"publish","type":"page","link":"https:\/\/gastroagencja.pl\/ru_RU\/obsluga-wydarzen-plenerowych\/","title":{"rendered":"Obs\u0142uga wydarze\u0144 plenerowych"},"content":{"rendered":"[mk_page_section bg_position=&#8221;center center&#8221; min_height=&#8221;600&#8243; full_width=&#8221;true&#8221; padding_top=&#8221;0&#8243; padding_bottom=&#8221;0&#8243; margin_bottom=&#8221;20&#8243; sidebar=&#8221;sidebar-1&#8243;][vc_column][mk_padding_divider][vc_row_inner is_fullwidth_content=&#8221;false&#8221;][vc_column_inner][mk_fancy_title tag_name=&#8221;h1&#8243; color=&#8221;#bd1925&#8243; size=&#8221;30&#8243; font_weight=&#8221;bold&#8221; font_family=&#8221;none&#8221;]\n<h2 style=\"text-align: center;\"><span class=\"WdYUQQ text-decoration-none text-strikethrough-none\" style=\"color: #bd1420;\">Kompleksowa obs\u0142uga wydarze\u0144 plenerowych<\/span><\/h2>\n[\/mk_fancy_title][\/vc_column_inner][\/vc_row_inner][vc_row_inner is_fullwidth_content=&#8221;false&#8221;][vc_column_inner][vc_column_text css=&#8221;.vc_custom_1722511971940{margin-bottom: 0px !important;}&#8221;]Gastro Agencja specjalizuje si\u0119 w <strong>kompleksowej obs\u0142udze wydarze\u0144 plenerowych<\/strong>! Jeste\u015bmy do\u015bwiadczonym zespo\u0142em, kt\u00f3ry z pasj\u0105 zajmuje si\u0119 organizacj\u0105 r\u00f3\u017cnorodnych imprez \u2013 od <strong>piknik\u00f3w<\/strong>, przez <strong>festiwale,<\/strong> a\u017c po eleganckie <strong>przyj\u0119cia na \u015bwie\u017cym powietrzu<\/strong>.<\/p>\n<p>Nasz\u0105 ofert\u0119 wyr\u00f3\u017cnia przede wszystkim <strong>bogaty wachlarz us\u0142ug gastronomicznych<\/strong>. W ramach obs\u0142ugi wydarze\u0144 plenerowych zapewniamy wyj\u0105tkowe do\u015bwiadczenia kulinarne, oferuj\u0105c <strong>kuchni\u0119 indyjsk\u0105, azjatyck\u0105<\/strong> oraz <strong>europejsk\u0105<\/strong>. Dzi\u0119ki temu ka\u017cdy uczestnik b\u0119dzie m\u00f3g\u0142 skosztowa\u0107 niepowtarzalnych smak\u00f3w, kt\u00f3re z pewno\u015bci\u0105 umil\u0105 ka\u017cd\u0105 chwil\u0119 sp\u0119dzon\u0105 na \u015bwie\u017cym powietrzu.<\/p>\n<p>Nasza <strong>kuchnia indyjska<\/strong> zachwyci mi\u0142o\u015bnik\u00f3w aromatycznych przypraw i tradycyjnych da\u0144, takich jak curry, butter chicken czy navratan korma. Dla fan\u00f3w smaku azjatyckiego oferujemy dania tradycyjnej <strong>kuchni azjatyckiej<\/strong>, kt\u00f3re wprowadz\u0105 nut\u0119 egzotyki do Twojego wydarzenia. Z kolei kuchnia europejska zadowoli najbardziej wymagaj\u0105cych go\u015bci, serwuj\u0105c klasyki znane z r\u00f3\u017cnych zak\u0105tk\u00f3w Starego Kontynentu. Nasz zesp\u00f3\u0142 dzieli si\u0119 na 3 sekcje: <strong>Indyjsk\u0105, Azjatyck\u0105, Europejsk\u0105<\/strong>, a w ka\u017cdej z nich gotuj\u0105 rodowici kucharze.<\/p>\n<p>K\u0142adziemy du\u017cy nacisk na profesjonalizm oraz wysok\u0105 jako\u015b\u0107 \u015bwiadczonych us\u0142ug. Nasz zesp\u00f3\u0142 to do\u015bwiadczeni pracownicy, kt\u00f3rzy z pasj\u0105 podchodz\u0105 do swojej pracy i dbaj\u0105 o ka\u017cdy detal, aby Twoje wydarzenie przebieg\u0142o bezproblemowo i z zachowaniem najwy\u017cszych standard\u00f3w.<\/p>\n<p><strong>Zapraszamy do wsp\u00f3\u0142pracy!<\/strong> Skontaktuj si\u0119 z nami ju\u017c dzi\u015b, aby dowiedzie\u0107 si\u0119, jak mo\u017cemy pom\u00f3c w organizacji Twojego niezapomnianego wydarzenia plenerowego. Jeste\u015bmy tutaj, aby uczyni\u0107 Twoje marzenia o idealnej imprezie rzeczywisto\u015bci\u0105!<\/p>\n<h3 style=\"text-align: center;\"><\/h3>\n[\/vc_column_text][mk_padding_divider][vc_column_text css=&#8221;.vc_custom_1722511981148{margin-bottom: 0px !important;}&#8221;]\n<h3 style=\"text-align: center;\">DANE KONTAKTOWE:<\/h3>\n<h3 style=\"text-align: center;\">Wsp\u00f3\u0142praca: +48 690 515 820<\/h3>\n<h3 style=\"text-align: center;\">biuro@gastroagencja.pl<\/h3>\n[\/vc_column_text][mk_padding_divider][vc_images_carousel images=&#8221;896&#8243; img_size=&#8221;large&#8221;][\/vc_column_inner][\/vc_row_inner][mk_padding_divider][\/vc_column][\/mk_page_section][mk_page_section top_shape_bg_color=&#8221;#ffffff&#8221; sidebar=&#8221;sidebar-1&#8243;][vc_column][mk_padding_divider][vc_row_inner][vc_column_inner width=&#8221;1\/3&#8243;][mk_milestone icon=&#8221;mk-icon-group&#8221; icon_size=&#8221;medium&#8221; align=&#8221;center&#8221; stop=&#8221;3025&#8243; text=&#8221;Pracownik\u00f3w znalaz\u0142o prace dzi\u0119ki naszemu udzia\u0142owi&#8221; text_color=&#8221;#000000&#8243; text_size=&#8221;50&#8243; font_family=&#8221;Arial, Helvetica, sans-serif&#8221; font_type=&#8221;safefont&#8221; font_weight=&#8221;500&#8243; desc_size=&#8221;30&#8243;][\/vc_column_inner][vc_column_inner width=&#8221;1\/3&#8243;][mk_milestone icon=&#8221;mk-moon-user-7&#8243; icon_size=&#8221;medium&#8221; align=&#8221;center&#8221; stop=&#8221;119&#8243; text=&#8221;Firm zaufa\u0142o nam&#8221; text_color=&#8221;#000000&#8243; text_size=&#8221;50&#8243; font_family=&#8221;Arial, Helvetica, sans-serif&#8221; font_type=&#8221;safefont&#8221; font_weight=&#8221;500&#8243; desc_size=&#8221;30&#8243;][\/vc_column_inner][vc_column_inner width=&#8221;1\/3&#8243;][mk_milestone icon=&#8221;mk-moon-thumbs-up-2&#8243; icon_size=&#8221;medium&#8221; align=&#8221;center&#8221; stop=&#8221;98&#8243; suffix=&#8221;%&#8221; text=&#8221;Zadowolonych klient\u00f3w&#8221; text_color=&#8221;#0a0a0a&#8221; text_size=&#8221;50&#8243; font_family=&#8221;Arial, Helvetica, sans-serif&#8221; font_type=&#8221;safefont&#8221; font_weight=&#8221;500&#8243; desc_size=&#8221;30&#8243;][\/vc_column_inner][\/vc_row_inner][mk_padding_divider][\/vc_column][\/mk_page_section]\n","protected":false},"excerpt":{"rendered":"<p>[mk_page_section bg_position=&#8221;center center&#8221; min_height=&#8221;600&#8243; full_width=&#8221;true&#8221; padding_top=&#8221;0&#8243; padding_bottom=&#8221;0&#8243; margin_bottom=&#8221;20&#8243; sidebar=&#8221;sidebar-1&#8243;][vc_column][mk_padding_divider][vc_row_inner is_fullwidth_content=&#8221;false&#8221;][vc_column_inner][mk_fancy_title tag_name=&#8221;h1&#8243; color=&#8221;#bd1925&#8243; size=&#8221;30&#8243; font_weight=&#8221;bold&#8221; font_family=&#8221;none&#8221;] Kompleksowa obs\u0142uga wydarze\u0144 plenerowych [\/mk_fancy_title][\/vc_column_inner][\/vc_row_inner][vc_row_inner is_fullwidth_content=&#8221;false&#8221;][vc_column_inner][vc_column_text css=&#8221;.vc_custom_1722511971940{margin-bottom: 0px !important;}&#8221;]Gastro Agencja specjalizuje si\u0119 w kompleksowej obs\u0142udze wydarze\u0144 plenerowych! Jeste\u015bmy do\u015bwiadczonym zespo\u0142em, kt\u00f3ry z pasj\u0105 zajmuje si\u0119 organizacj\u0105 r\u00f3\u017cnorodnych imprez \u2013 od piknik\u00f3w, przez festiwale, a\u017c po eleganckie przyj\u0119cia na \u015bwie\u017cym powietrzu. [&hellip;]<\/p>\n","protected":false},"author":2,"featured_media":0,"parent":0,"menu_order":0,"comment_status":"closed","ping_status":"closed","template":"","meta":{"footnotes":""},"class_list":["post-892","page","type-page","status-publish","hentry"],"_links":{"self":[{"href":"https:\/\/gastroagencja.pl\/ru_RU\/wp-json\/wp\/v2\/pages\/892","targetHints":{"allow":["GET"]}}],"collection":[{"href":"https:\/\/gastroagencja.pl\/ru_RU\/wp-json\/wp\/v2\/pages"}],"about":[{"href":"https:\/\/gastroagencja.pl\/ru_RU\/wp-json\/wp\/v2\/types\/page"}],"author":[{"embeddable":true,"href":"https:\/\/gastroagencja.pl\/ru_RU\/wp-json\/wp\/v2\/users\/2"}],"replies":[{"embeddable":true,"href":"https:\/\/gastroagencja.pl\/ru_RU\/wp-json\/wp\/v2\/comments?post=892"}],"version-history":[{"count":12,"href":"https:\/\/gastroagencja.pl\/ru_RU\/wp-json\/wp\/v2\/pages\/892\/revisions"}],"predecessor-version":[{"id":927,"href":"https:\/\/gastroagencja.pl\/ru_RU\/wp-json\/wp\/v2\/pages\/892\/revisions\/927"}],"wp:attachment":[{"href":"https:\/\/gastroagencja.pl\/ru_RU\/wp-json\/wp\/v2\/media?parent=892"}],"curies":[{"name":"wp","href":"https:\/\/api.w.org\/{rel}","templated":true}]}}